{"id":784,"date":"2026-01-28T15:08:37","date_gmt":"2026-01-28T14:08:37","guid":{"rendered":"http:\/\/alumno01.shopenlaces.com.es\/alumno01wp\/?page_id=784"},"modified":"2026-01-28T15:12:06","modified_gmt":"2026-01-28T14:12:06","slug":"productos","status":"publish","type":"page","link":"http:\/\/alumno01.shopenlaces.com.es\/alumno01wp\/?page_id=784","title":{"rendered":"Productos"},"content":{"rendered":"\n<div class=\"wp-block-stackable-columns stk-block-columns stk-block stk-07c2f08\" data-block-id=\"07c2f08\"><div class=\"stk-row stk-inner-blocks stk-block-content stk-content-align stk-07c2f08-column\">\n<div class=\"wp-block-stackable-column stk-block-column stk-column stk-block stk-819b975\" data-v=\"4\" data-block-id=\"819b975\"><div class=\"stk-column-wrapper stk-block-column__content stk-container stk-819b975-container stk--no-background stk--no-padding\"><div class=\"stk-block-content stk-inner-blocks stk-819b975-inner-blocks\">\n<figure class=\"wp-block-image size-full\"><img loading=\"lazy\" decoding=\"async\" width=\"425\" height=\"185\" src=\"http:\/\/alumno01.shopenlaces.com.es\/alumno01wp\/wp-content\/uploads\/2026\/01\/Logo-VIU.png\" alt=\"\" class=\"wp-image-785\" srcset=\"http:\/\/alumno01.shopenlaces.com.es\/alumno01wp\/wp-content\/uploads\/2026\/01\/Logo-VIU.png 425w, http:\/\/alumno01.shopenlaces.com.es\/alumno01wp\/wp-content\/uploads\/2026\/01\/Logo-VIU-300x131.png 300w\" sizes=\"auto, (max-width: 425px) 100vw, 425px\" \/><\/figure>\n\n\n\n<div class=\"wp-block-stackable-text stk-block-text stk-block stk-c0c7cf5\" data-block-id=\"c0c7cf5\"><p class=\"stk-block-text__text\">Bienvenido a la universidad con mayor tama\u00f1o y formaci\u00f3n en Marketing digital.<\/p><\/div>\n\n\n\n<div class=\"wp-block-stackable-button-group stk-block-button-group stk-block stk-a0fbea5\" data-block-id=\"a0fbea5\"><div class=\"stk-row stk-inner-blocks stk-block-content stk-button-group\">\n<div class=\"wp-block-stackable-button stk-block-button stk-block stk-a06380e\" data-block-id=\"a06380e\"><a class=\"stk-link stk-button stk--hover-effect-darken\" href=\"http:\/\/alumno01.shopenlaces.com.es\/alumno01wp\/?page_id=786\"><span class=\"stk-button__inner-text\">Ver m\u00e1s<\/span><\/a><\/div>\n<\/div><\/div>\n<\/div><\/div><\/div>\n\n\n\n<div class=\"wp-block-stackable-column stk-block-column stk-column stk-block stk-80beda0\" data-v=\"4\" data-block-id=\"80beda0\"><div class=\"stk-column-wrapper stk-block-column__content stk-container stk-80beda0-container stk--no-background stk--no-padding\"><div class=\"stk-block-content stk-inner-blocks stk-80beda0-inner-blocks\"><\/div><\/div><\/div>\n\n\n\n<div class=\"wp-block-stackable-column stk-block-column stk-column stk-block stk-cfd3d81\" data-v=\"4\" data-block-id=\"cfd3d81\"><div class=\"stk-column-wrapper stk-block-column__content stk-container stk-cfd3d81-container stk--no-background stk--no-padding\"><div class=\"stk-block-content stk-inner-blocks stk-cfd3d81-inner-blocks\"><\/div><\/div><\/div>\n<\/div><\/div>\n","protected":false},"excerpt":{"rendered":"<p>Bienvenido a la universidad con mayor tama\u00f1o y formaci\u00f3n en Marketing digital. Ver m\u00e1s<\/p>\n","protected":false},"author":1,"featured_media":0,"parent":0,"menu_order":0,"comment_status":"closed","ping_status":"closed","template":"","meta":{"footnotes":""},"class_list":["post-784","page","type-page","status-publish","hentry"],"blocksy_meta":[],"_links":{"self":[{"href":"http:\/\/alumno01.shopenlaces.com.es\/alumno01wp\/index.php?rest_route=\/wp\/v2\/pages\/784","targetHints":{"allow":["GET"]}}],"collection":[{"href":"http:\/\/alumno01.shopenlaces.com.es\/alumno01wp\/index.php?rest_route=\/wp\/v2\/pages"}],"about":[{"href":"http:\/\/alumno01.shopenlaces.com.es\/alumno01wp\/index.php?rest_route=\/wp\/v2\/types\/page"}],"author":[{"embeddable":true,"href":"http:\/\/alumno01.shopenlaces.com.es\/alumno01wp\/index.php?rest_route=\/wp\/v2\/users\/1"}],"replies":[{"embeddable":true,"href":"http:\/\/alumno01.shopenlaces.com.es\/alumno01wp\/index.php?rest_route=%2Fwp%2Fv2%2Fcomments&post=784"}],"version-history":[{"count":3,"href":"http:\/\/alumno01.shopenlaces.com.es\/alumno01wp\/index.php?rest_route=\/wp\/v2\/pages\/784\/revisions"}],"predecessor-version":[{"id":791,"href":"http:\/\/alumno01.shopenlaces.com.es\/alumno01wp\/index.php?rest_route=\/wp\/v2\/pages\/784\/revisions\/791"}],"wp:attachment":[{"href":"http:\/\/alumno01.shopenlaces.com.es\/alumno01wp\/index.php?rest_route=%2Fwp%2Fv2%2Fmedia&parent=784"}],"curies":[{"name":"wp","href":"https:\/\/api.w.org\/{rel}","templated":true}]}}